{"id":1586,"date":"2020-08-01T01:24:36","date_gmt":"2020-08-01T01:24:36","guid":{"rendered":"http:\/\/www.vizcainosa.com\/sales-sites\/"},"modified":"2021-05-01T10:43:43","modified_gmt":"2021-05-01T16:43:43","slug":"distribution-centers","status":"publish","type":"page","link":"https:\/\/laboratoriosvizcaino.com\/en\/distribution-centers\/","title":{"rendered":"Distribution Centers"},"content":{"rendered":"\t\t<div data-elementor-type=\"wp-page\" data-elementor-id=\"1586\" class=\"elementor elementor-1586 elementor-639\" data-elementor-settings=\"[]\">\n\t\t\t\t\t\t<div class=\"elementor-inner\">\n\t\t\t\t\t\t\t<div class=\"elementor-section-wrap\">\n\t\t\t\t\t\t\t<section class=\"elementor-section elementor-top-section elementor-element elementor-element-44ace6e elementor-section-stretched elementor-section-boxed elementor-section-height-default elementor-section-height-default\" data-id=\"44ace6e\" data-element_type=\"section\" data-settings=\"{&quot;stretch_section&quot;:&quot;section-stretched&quot;,&quot;background_background&quot;:&quot;classic&quot;}\">\n\t\t\t\t\t\t<div class=\"elementor-container elementor-column-gap-default\">\n\t\t\t\t\t\t\t<div class=\"elementor-row\">\n\t\t\t\t\t<div class=\"elementor-column elementor-col-100 elementor-top-column elementor-element elementor-element-377bcaa\" data-id=\"377bcaa\" data-element_type=\"column\">\n\t\t\t<div class=\"elementor-column-wrap elementor-element-populated\">\n\t\t\t\t\t\t\t<div class=\"elementor-widget-wrap\">\n\t\t\t\t\t\t<div class=\"elementor-element elementor-element-2b6780b elementor-invisible elementor-widget elementor-widget-heading\" data-id=\"2b6780b\" data-element_type=\"widget\" data-settings=\"{&quot;_animation&quot;:&quot;fadeInLeft&quot;}\" data-widget_type=\"heading.default\">\n\t\t\t\t<div class=\"elementor-widget-container\">\n\t\t\t<h2 class=\"elementor-heading-title elementor-size-default\">Distribution Centers<\/h2>\t\t<\/div>\n\t\t\t\t<\/div>\n\t\t\t\t<div class=\"elementor-element elementor-element-5012f69 elementor-invisible elementor-widget elementor-widget-image\" data-id=\"5012f69\" data-element_type=\"widget\" data-settings=\"{&quot;_animation&quot;:&quot;fadeIn&quot;}\" data-widget_type=\"image.default\">\n\t\t\t\t<div class=\"elementor-widget-container\">\n\t\t\t\t\t<div class=\"elementor-image\">\n\t\t\t\t\t\t\t\t\t\t<img width=\"600\" height=\"58\" src=\"https:\/\/laboratoriosvizcaino.com\/wp-content\/uploads\/2020\/06\/linea-separador-azul.png\" class=\"attachment-large size-large\" alt=\"\" \/>\t\t\t\t\t\t\t\t\t\t\t<\/div>\n\t\t\t\t<\/div>\n\t\t\t\t<\/div>\n\t\t\t\t<div class=\"elementor-element elementor-element-beaa0a8 elementor-invisible elementor-widget elementor-widget-heading\" data-id=\"beaa0a8\" data-element_type=\"widget\" data-settings=\"{&quot;_animation&quot;:&quot;fadeInLeft&quot;}\" data-widget_type=\"heading.default\">\n\t\t\t\t<div class=\"elementor-widget-container\">\n\t\t\t<h3 class=\"elementor-heading-title elementor-size-default\">Choose a location to find out where you can buy our product.<\/h3>\t\t<\/div>\n\t\t\t\t<\/div>\n\t\t\t\t\t\t<\/div>\n\t\t\t\t\t<\/div>\n\t\t<\/div>\n\t\t\t\t\t\t\t\t<\/div>\n\t\t\t\t\t<\/div>\n\t\t<\/section>\n\t\t\t\t<section class=\"elementor-section elementor-top-section elementor-element elementor-element-5a992a6 elementor-section-stretched elementor-section-boxed elementor-section-height-default elementor-section-height-default\" data-id=\"5a992a6\" data-element_type=\"section\" data-settings=\"{&quot;stretch_section&quot;:&quot;section-stretched&quot;}\">\n\t\t\t\t\t\t<div class=\"elementor-container elementor-column-gap-default\">\n\t\t\t\t\t\t\t<div class=\"elementor-row\">\n\t\t\t\t\t<div class=\"elementor-column elementor-col-100 elementor-top-column elementor-element elementor-element-782d02e\" data-id=\"782d02e\" data-element_type=\"column\">\n\t\t\t<div class=\"elementor-column-wrap elementor-element-populated\">\n\t\t\t\t\t\t\t<div class=\"elementor-widget-wrap\">\n\t\t\t\t\t\t<div class=\"elementor-element elementor-element-7ffb7f6 elementor-widget elementor-widget-html\" data-id=\"7ffb7f6\" data-element_type=\"widget\" data-widget_type=\"html.default\">\n\t\t\t\t<div class=\"elementor-widget-container\">\n\t\t\t<select id=\"mySelect\" class=\"elementor-69\" onchange=\"myFunction()\">\r\n    <option value=\"\">Choose Department<\/option>\r\n  <option value=\"alta-verapaz\">Alta Verapaz<\/option>\r\n  <option value=\"baja-verapaz\">Baja Verapaz<\/option>\r\n  <option value=\"chimaltenango\">Chimaltenango<\/option>\r\n  <option value=\"chiquimula\">Chiquimula<\/option>\r\n  <option value=\"el-progreso\">El Progreso<\/option>\r\n  <option value=\"escuintla\">Escuintla<\/option>\r\n  <option value=\"guatemala\">Guatemala<\/option>\r\n  <option value=\"huehuetenango\">Huehuetenango<\/option>\r\n  <option value=\"izabal\">Izabal<\/option>\r\n  <option value=\"jalapa\">Jalapa<\/option>\r\n  <option value=\"jutiapa\">Jutiapa<\/option>\r\n  <option value=\"peten\">Pet\u00e9n<\/option>\r\n  <option value=\"quetzaltenango\">Quetzaltenango<\/option>\r\n  <option value=\"quiche\">Quich\u00e9<\/option>\r\n  <option value=\"retalhuleu\">Retalhuleu<\/option>\r\n  <option value=\"sacatep\u00e9quez\">Sacatep\u00e9quez<\/option>\r\n  <option value=\"san-marcos\">San Marcos<\/option>\r\n  <option value=\"santa-rosa\">Santa Rosa<\/option>\r\n  <option value=\"solola\">Solol\u00e1<\/option>\r\n  <option value=\"suchitep\u00e9quez\">Suchitep\u00e9quez<\/option>\r\n  <option value=\"totonicapan\">Totonicap\u00e1n<\/option>\r\n  <option value=\"Zacapa\">Zacapa<\/option>\r\n<\/select>\r\n\r\n\r\n<script>\r\nfunction myFunction() {\r\n\t\t\r\n  var _filter = document.getElementById(\"mySelect\").value;\r\n  \r\n  location.replace(\"\/categoria\/puntos-de-venta\/\"+_filter);\r\n}\r\n<\/script>\r\n\r\n\r\n\t\t<\/div>\n\t\t\t\t<\/div>\n\t\t\t\t<div class=\"elementor-element elementor-element-188fa92 ee-grid-columns-mobile-2 ee-grid-columns-4 ee-grid-halign--center ee-grid-columns-tablet-2 ee-grid-align--stretch ee-posts-align-top ee-posts-avatar-position-left elementor-widget elementor-widget-posts-extra\" data-id=\"188fa92\" data-element_type=\"widget\" data-settings=\"{&quot;classic_grid_columns_spacing&quot;:{&quot;unit&quot;:&quot;px&quot;,&quot;size&quot;:55,&quot;sizes&quot;:[]},&quot;columns_mobile&quot;:&quot;2&quot;,&quot;classic_grid_columns_spacing_mobile&quot;:{&quot;unit&quot;:&quot;px&quot;,&quot;size&quot;:14,&quot;sizes&quot;:[]},&quot;columns&quot;:&quot;4&quot;,&quot;columns_tablet&quot;:&quot;2&quot;,&quot;classic_layout&quot;:&quot;default&quot;,&quot;classic_grid_columns_spacing_tablet&quot;:{&quot;unit&quot;:&quot;px&quot;,&quot;size&quot;:12,&quot;sizes&quot;:[]}}\" data-widget_type=\"posts-extra.classic\">\n\t\t\t\t<div class=\"elementor-widget-container\">\n\t\t\t<div class=\"ee-grid ee-loop ee-grid--default\"><div class=\"ee-grid__item--sizer\"><\/div><div class=\"ee-grid__item ee-loop__item\"><article class=\"ee-post post-3093 post type-post status-publish format-standard has-post-thumbnail hentry category-alta-verapaz-en category-baja-verapaz-en category-chimaltenango-en category-chiquimula-en category-el-progreso-en category-escuintla-en category-guatemala-en category-huehuetenango-en category-izabal-en category-jalapa-en category-jutiapa-en category-peten-en category-quetzaltenango-en category-quiche-en category-retalhuleu-en category-sacatepequez-en category-sale-points category-san-marcos-en category-santa-rosa-en category-solola-en category-suchitepequez-en category-totonicapan-en category-zacapa-en tag-puntos-de-venta\"><div class=\"ee-media ee-post__media\"><div class=\"ee-post__media__thumbnail ee-media__thumbnail\"><img width=\"225\" height=\"225\" src=\"https:\/\/laboratoriosvizcaino.com\/wp-content\/uploads\/2020\/07\/galeno.png\" class=\"attachment-large size-large\" alt=\"\" \/><\/div><div class=\"ee-post__media__overlay ee-media__overlay\"><\/div><\/div><!-- .ee-post__media --><div class=\"ee-post__body ee-post__area\"><div class=\"ee-post__title\">\n\t\t\t<h2 class=\"ee-post__title__heading\">Farmacia Galeno<\/h2>\n\t\t<\/div><div class=\"ee-post__excerpt\">PBX: 1702<\/div><\/div><!-- .ee-post__body --><\/article><!-- .ee-post --><\/div><!-- .ee-loop__item --><div class=\"ee-grid__item ee-loop__item\"><article class=\"ee-post post-1816 post type-post status-publish format-standard has-post-thumbnail hentry category-alta-verapaz-en category-baja-verapaz-en category-chimaltenango-en category-chiquimula-en category-el-progreso-en category-escuintla-en category-guatemala-en category-huehuetenango-en category-izabal-en category-jalapa-en category-jutiapa-en category-quetzaltenango-en category-retalhuleu-en category-sacatepequez-en category-sale-points category-san-marcos-en category-santa-rosa-en category-solola-en category-suchitepequez-en category-totonicapan-en category-zacapa-en\"><div class=\"ee-media ee-post__media\"><div class=\"ee-post__media__thumbnail ee-media__thumbnail\"><img width=\"600\" height=\"600\" src=\"https:\/\/laboratoriosvizcaino.com\/wp-content\/uploads\/2020\/07\/Cruz-Verde-wp.jpg\" class=\"attachment-large size-large\" alt=\"\" \/><\/div><div class=\"ee-post__media__overlay ee-media__overlay\"><\/div><\/div><!-- .ee-post__media --><div class=\"ee-post__body ee-post__area\"><div class=\"ee-post__title\">\n\t\t\t<h2 class=\"ee-post__title__heading\">Cruz Verde<\/h2>\n\t\t<\/div><div class=\"ee-post__excerpt\">PBX: 1728<\/div><\/div><!-- .ee-post__body --><\/article><!-- .ee-post --><\/div><!-- .ee-loop__item --><div class=\"ee-grid__item ee-loop__item\"><article class=\"ee-post post-3095 post type-post status-publish format-standard has-post-thumbnail hentry category-chimaltenango-en category-chiquimula-en category-escuintla-en category-guatemala-en category-izabal-en category-jalapa-en category-jutiapa-en category-quetzaltenango-en category-retalhuleu-en category-sacatepequez-en category-sale-points category-san-marcos-en category-santa-rosa-en category-solola-en category-zacapa-en\"><div class=\"ee-media ee-post__media\"><div class=\"ee-post__media__thumbnail ee-media__thumbnail\"><img width=\"240\" height=\"200\" src=\"https:\/\/laboratoriosvizcaino.com\/wp-content\/uploads\/2020\/07\/del-ahorro.png\" class=\"attachment-large size-large\" alt=\"\" \/><\/div><div class=\"ee-post__media__overlay ee-media__overlay\"><\/div><\/div><!-- .ee-post__media --><div class=\"ee-post__body ee-post__area\"><div class=\"ee-post__title\">\n\t\t\t<h2 class=\"ee-post__title__heading\">Farmacia del ahorro<\/h2>\n\t\t<\/div><div class=\"ee-post__excerpt\">TEL: 6633 5066<\/div><\/div><!-- .ee-post__body --><\/article><!-- .ee-post --><\/div><!-- .ee-loop__item --><div class=\"ee-grid__item ee-loop__item\"><article class=\"ee-post post-3673 post type-post status-publish format-standard has-post-thumbnail hentry category-alta-verapaz-en category-baja-verapaz-en category-chimaltenango-en category-chiquimula-en category-el-progreso-en category-escuintla-en category-guatemala-en category-huehuetenango-en category-izabal-en category-jalapa-en category-jutiapa-en category-peten-en category-quetzaltenango-en category-quiche-en category-retalhuleu-en category-sacatepequez-en category-sale-points category-san-marcos-en category-santa-rosa-en category-solola-en category-suchitepequez-en category-totonicapan-en category-zacapa-en tag-puntos-de-venta\"><div class=\"ee-media ee-post__media\"><div class=\"ee-post__media__thumbnail ee-media__thumbnail\"><img width=\"512\" height=\"512\" src=\"https:\/\/laboratoriosvizcaino.com\/wp-content\/uploads\/2021\/03\/pharmacy.png\" class=\"attachment-large size-large\" alt=\"\" \/><\/div><div class=\"ee-post__media__overlay ee-media__overlay\"><\/div><\/div><!-- .ee-post__media --><div class=\"ee-post__body ee-post__area\"><div class=\"ee-post__title\">\n\t\t\t<h2 class=\"ee-post__title__heading\">Farmacias Independientes<\/h2>\n\t\t<\/div><div class=\"ee-post__excerpt\">PBX: 1702<\/div><\/div><!-- .ee-post__body --><\/article><!-- .ee-post --><\/div><!-- .ee-loop__item --><div class=\"ee-grid__item ee-loop__item\"><article class=\"ee-post post-3096 post type-post status-publish format-standard has-post-thumbnail hentry category-alta-verapaz-en category-chimaltenango-en category-el-progreso-en category-escuintla-en category-guatemala-en category-huehuetenango-en category-izabal-en category-peten-en category-sacatepequez-en category-sale-points category-suchitepequez-en\"><div class=\"ee-media ee-post__media\"><div class=\"ee-post__media__thumbnail ee-media__thumbnail\"><img width=\"287\" height=\"245\" src=\"https:\/\/laboratoriosvizcaino.com\/wp-content\/uploads\/2020\/07\/meykos.png\" class=\"attachment-large size-large\" alt=\"\" \/><\/div><div class=\"ee-post__media__overlay ee-media__overlay\"><\/div><\/div><!-- .ee-post__media --><div class=\"ee-post__body ee-post__area\"><div class=\"ee-post__title\">\n\t\t\t<h2 class=\"ee-post__title__heading\">MEYKOS<\/h2>\n\t\t<\/div><div class=\"ee-post__excerpt\">TEL: 2422 2422<\/div><\/div><!-- .ee-post__body --><\/article><!-- .ee-post --><\/div><!-- .ee-loop__item --><div class=\"ee-grid__item ee-loop__item\"><article class=\"ee-post post-3094 post type-post status-publish format-standard has-post-thumbnail hentry category-alta-verapaz-en category-baja-verapaz-en category-chimaltenango-en category-chiquimula-en category-el-progreso-en category-escuintla-en category-guatemala-en category-huehuetenango-en category-izabal-en category-jalapa-en category-jutiapa-en category-peten-en category-quetzaltenango-en category-quiche-en category-retalhuleu-en category-sacatepequez-en category-sale-points category-san-marcos-en category-santa-rosa-en category-solola-en category-suchitepequez-en category-totonicapan-en category-zacapa-en\"><div class=\"ee-media ee-post__media\"><div class=\"ee-post__media__thumbnail ee-media__thumbnail\"><img width=\"225\" height=\"225\" src=\"https:\/\/laboratoriosvizcaino.com\/wp-content\/uploads\/2020\/07\/batres.png\" class=\"attachment-large size-large\" alt=\"\" \/><\/div><div class=\"ee-post__media__overlay ee-media__overlay\"><\/div><\/div><!-- .ee-post__media --><div class=\"ee-post__body ee-post__area\"><div class=\"ee-post__title\">\n\t\t\t<h2 class=\"ee-post__title__heading\">Farmacias Batres<\/h2>\n\t\t<\/div><div class=\"ee-post__excerpt\">TEL: 2200 1010<\/div><\/div><!-- .ee-post__body --><\/article><!-- .ee-post --><\/div><!-- .ee-loop__item --><\/div><!-- .ee-loop -->\t\t<\/div>\n\t\t\t\t<\/div>\n\t\t\t\t\t\t<\/div>\n\t\t\t\t\t<\/div>\n\t\t<\/div>\n\t\t\t\t\t\t\t\t<\/div>\n\t\t\t\t\t<\/div>\n\t\t<\/section>\n\t\t\t\t\t\t<\/div>\n\t\t\t\t\t\t<\/div>\n\t\t\t\t\t<\/div>\n\t\t","protected":false},"excerpt":{"rendered":"<p>Distribution Centers Choose a location to find out where you can buy our product. Choose DepartmentAlta VerapazBaja VerapazChimaltenangoChiquimulaEl ProgresoEscuintlaGuatemalaHuehuetenangoIzabalJalapaJutiapaPet\u00e9nQuetzaltenangoQuich\u00e9RetalhuleuSacatep\u00e9quezSan MarcosSanta RosaSolol\u00e1Suchitep\u00e9quezTotonicap\u00e1nZacapa Notice: Trying to get property &#8216;ID&#8217; of non-object in \/var\/www\/html\/wordpress\/wp-content\/plugins\/elementor-extras\/modules\/posts\/skins\/skin-base.php on line 1724 MEYKOS TEL: 2422 2422 Cruz Verde PBX: 1728 Farmacias Independientes PBX: 1702 Farmacia Galeno PBX: 1702 Farmacia del ahorro TEL: 6633 &hellip;<\/p>\n<p class=\"read-more\"> <a class=\"\" href=\"https:\/\/laboratoriosvizcaino.com\/en\/minerva-terminal\/\"> <span class=\"screen-reader-text\">Farmacias Batres<\/span> Read More &raquo;<\/a><\/p>\n","protected":false},"author":1,"featured_media":0,"parent":0,"menu_order":0,"comment_status":"closed","ping_status":"closed","template":"","meta":[],"better_featured_image":null,"_links":{"self":[{"href":"https:\/\/laboratoriosvizcaino.com\/en\/wp-json\/wp\/v2\/pages\/1586"}],"collection":[{"href":"https:\/\/laboratoriosvizcaino.com\/en\/wp-json\/wp\/v2\/pages"}],"about":[{"href":"https:\/\/laboratoriosvizcaino.com\/en\/wp-json\/wp\/v2\/types\/page"}],"author":[{"embeddable":true,"href":"https:\/\/laboratoriosvizcaino.com\/en\/wp-json\/wp\/v2\/users\/1"}],"replies":[{"embeddable":true,"href":"https:\/\/laboratoriosvizcaino.com\/en\/wp-json\/wp\/v2\/comments?post=1586"}],"version-history":[{"count":6,"href":"https:\/\/laboratoriosvizcaino.com\/en\/wp-json\/wp\/v2\/pages\/1586\/revisions"}],"predecessor-version":[{"id":3987,"href":"https:\/\/laboratoriosvizcaino.com\/en\/wp-json\/wp\/v2\/pages\/1586\/revisions\/3987"}],"wp:attachment":[{"href":"https:\/\/laboratoriosvizcaino.com\/en\/wp-json\/wp\/v2\/media?parent=1586"}],"curies":[{"name":"wp","href":"https:\/\/api.w.org\/{rel}","templated":true}]}}